{"id":5574,"date":"2016-12-03T15:44:41","date_gmt":"2016-12-03T15:44:41","guid":{"rendered":"http:\/\/demo.wpzoom.com\/inspiro\/?page_id=5574"},"modified":"2025-02-21T16:37:21","modified_gmt":"2025-02-21T14:37:21","slug":"servicii","status":"publish","type":"page","link":"https:\/\/cochetcandles.com\/en\/servicii\/","title":{"rendered":"Services"},"content":{"rendered":"<main class=\"wp-block-group alignfull site-content is-layout-flow wp-block-group-is-layout-flow\" id=\"header\" style=\"margin-top:0\">\n<div class=\"wp-block-cover alignfull\" style=\"padding-top:0px\"><span aria-hidden=\"true\" class=\"wp-block-cover__background has-black-background-color has-background-dim-40 has-background-dim\"><\/span><img loading=\"lazy\" decoding=\"async\" width=\"1200\" height=\"673\" class=\"wp-block-cover__image-background wp-image-7083\" alt=\"\" src=\"https:\/\/cochetcandles.com\/wp-content\/uploads\/2025\/01\/lumanare_cochet_candles.jpg\" data-object-fit=\"cover\" srcset=\"https:\/\/cochetcandles.com\/wp-content\/uploads\/2025\/01\/lumanare_cochet_candles.jpg 1200w, https:\/\/cochetcandles.com\/wp-content\/uploads\/2025\/01\/lumanare_cochet_candles-300x168.jpg 300w, https:\/\/cochetcandles.com\/wp-content\/uploads\/2025\/01\/lumanare_cochet_candles-1024x574.jpg 1024w, https:\/\/cochetcandles.com\/wp-content\/uploads\/2025\/01\/lumanare_cochet_candles-18x10.jpg 18w\" sizes=\"auto, (max-width: 1200px) 100vw, 1200px\" \/><div class=\"wp-block-cover__inner-container is-layout-flow wp-block-cover-is-layout-flow\">\n<div class=\"wp-block-group is-style-default has-global-padding is-layout-constrained wp-block-group-is-layout-constrained\">\n<div style=\"height:251px\" aria-hidden=\"true\" class=\"wp-block-spacer\"><\/div>\n\n\n\n<h2 class=\"wp-block-heading has-white-color has-text-color has-max-48-font-size\">Servicii Cochet Candles<\/h2>\n\n\n\n<div style=\"height:63px\" aria-hidden=\"true\" class=\"wp-block-spacer\"><\/div>\n<\/div>\n<\/div><\/div>\n<\/main>\n\n\n\n<div id=\"services\" class=\"wp-block-group pattern_multiple_covers has-global-padding is-layout-constrained wp-container-core-group-is-layout-3a820303 wp-block-group-is-layout-constrained\" style=\"padding-right:var(--wp--preset--spacing--small);padding-left:var(--wp--preset--spacing--small)\">\n<div style=\"height:84px\" aria-hidden=\"true\" class=\"wp-block-spacer\"><\/div>\n\n\n\n<p class=\"has-text-align-left has-secondary-color has-text-color\" style=\"letter-spacing:1px\">SA LUCRAM IMPREUNA!<\/p>\n\n\n\n<h2 class=\"wp-block-heading has-text-align-left has-large-font-size\"><\/h2>\n\n\n\n<p class=\"has-text-align-left\">Colaborarea cu  fabrica de lum\u00e2n\u0103ri Cochet Candles pentru proiectele tale de publicitate poate aduce o serie de beneficii unice \u0219i oportunit\u0103\u021bi creative. Iat\u0103 de ce ar fi o alegere inspirat\u0103:<\/p>\n\n\n\n<h3 class=\"wp-block-heading\">1. <strong>Produs Versatil \u0219i Atractiv<\/strong><\/h3>\n\n\n\n<p>Lum\u00e2n\u0103rile sunt obiecte universale, care pot fi personalizate \u00een numeroase forme, culori, dimensiuni \u0219i arome. Acest lucru le face perfecte pentru a transmite mesaje publicitare subtile sau pentru a crea ambian\u021be memorabile \u00een cadrul evenimentelor promo\u021bionale.<\/p>\n\n\n\n<h3 class=\"wp-block-heading\">2. <strong>Experien\u021b\u0103 Senzorial\u0103<\/strong><\/h3>\n\n\n\n<p>Lum\u00e2n\u0103rile stimuleaz\u0103 mai multe sim\u021buri: mirosul (prin arome pl\u0103cute), vederea (prin lumina cald\u0103 \u0219i decorul) \u0219i chiar atingerea (prin textura \u0219i designul lor). Aceast\u0103 experien\u021b\u0103 multisenzorial\u0103 poate face mesajul t\u0103u publicitar mai impactant \u0219i memorabil.<\/p>\n\n\n\n<h3 class=\"wp-block-heading\">3. <strong>Sustenabilitate \u0219i Imagine Eco-Friendly<\/strong><\/h3>\n\n\n\n<p>Multe fabrici de lum\u00e2n\u0103ri folosesc materiale naturale \u0219i biodegradabile, cum ar fi ceara de albin\u0103 sau ceara vegetal\u0103. Colabor\u00e2nd cu astfel de produc\u0103tori, po\u021bi sublinia angajamentul t\u0103u fa\u021b\u0103 de sustenabilitate \u0219i mediu, ceea ce este un mesaj puternic \u00een era modern\u0103.<\/p>\n\n\n\n<h3 class=\"wp-block-heading\">4. <strong>Personalizare \u0219i Branding<\/strong><\/h3>\n\n\n\n<p>Lum\u00e2n\u0103rile pot fi u\u0219or personalizate cu logo-ul, culorile sau mesajul brandului t\u0103u. Ele pot fi folosite ca daruri promo\u021bionale de \u00eenalt\u0103 calitate, care creeaz\u0103 o leg\u0103tur\u0103 emo\u021bional\u0103 \u00eentre client \u0219i brand.<\/p>\n\n\n\n<h3 class=\"wp-block-heading\">5. <strong>Oportunit\u0103\u021bi de Promovare \u00een Diverse Contexturi<\/strong><\/h3>\n\n\n\n<p>Lum\u00e2n\u0103rile sunt potrivite pentru o varietate de evenimente \u0219i ocazii: lans\u0103ri de produse, evenimente corporate, cadouri pentru clien\u021bi sau campanii sezoniere (de exemplu, \u00een perioada s\u0103rb\u0103torilor). Ele pot fi integrate \u00een pachete promo\u021bionale sau folosite ca elemente decorative \u00een spa\u021bii dedicate evenimentelor.<\/p>\n\n\n\n<h3 class=\"wp-block-heading\">6. <strong>Costuri Reduse \u0219i Impact Ridicat<\/strong><\/h3>\n\n\n\n<p>Comparativ cu alte materiale promo\u021bionale, lum\u00e2n\u0103rile pot fi relativ ieftine de produs, dar au un impact mare asupra publicului \u021bint\u0103 datorit\u0103 caracterului lor personal \u0219i util.<\/p>\n\n\n\n<h3 class=\"wp-block-heading\">7. <strong>Atragerea unui Public Divers<\/strong><\/h3>\n\n\n\n<p>Lum\u00e2n\u0103rile au un appeal larg, atr\u0103g\u00e2nd at\u00e2t persoane tinere, c\u00e2t \u0219i cele mai \u00een v\u00e2rst\u0103. Sunt potrivite at\u00e2t pentru spa\u021bii de lux, c\u00e2t \u0219i pentru medii mai casual, f\u0103c\u00e2ndu-le un instrument flexibil de marketing.<\/p>\n\n\n\n<h3 class=\"wp-block-heading\">8. <strong>Crea\u021bia de Amintiri Durabile<\/strong><\/h3>\n\n\n\n<p>Lum\u00e2n\u0103rile sunt adesea asociate cu momente speciale: cinste, relaxare, romanticism sau medita\u021bie. Prin includerea lor \u00een campaniile tale, po\u021bi crea amintiri durabile legate de brandul t\u0103u.<\/p>\n\n\n\n<h3 class=\"wp-block-heading\">9. <strong>Colaborare cu Artizani Locali<\/strong><\/h3>\n\n\n\n<p>Dac\u0103 lucrezi cu o fabric\u0103 de lum\u00e2n\u0103ri mic\u0103 sau artizani locali, po\u021bi sprijini economia local\u0103 \u0219i po\u021bi promova o imagine autentic\u0103 \u0219i responsabil\u0103 a brandului t\u0103u.<\/p>\n\n\n\n<h3 class=\"wp-block-heading\">10. <strong>Flexibilitate \u00een Design \u0219i Concepte<\/strong><\/h3>\n\n\n\n<p>Lum\u00e2n\u0103rile pot fi integrate \u00een teme creative variate, de la cele tradi\u021bionale p\u00e2n\u0103 la cele moderne \u0219i inovatoare. Pot fi folosite \u00een cadrul unor campanii tematice, cum ar fi cele legate de mediu, relaxare sau lux.<\/p>\n\n\n\n<p class=\"has-text-align-left\">\u00cen concluzie, colaborarea cu noi poate aduce un plus de creativitate, sustenabilitate \u0219i emo\u021bie proiectelor tale de publicitate, f\u0103c\u00e2nd mesajul t\u0103u s\u0103 se disting\u0103 \u00eentr-un mod subtil \u0219i memorabil.<\/p>\n\n\n\n<div style=\"height:46px\" aria-hidden=\"true\" class=\"wp-block-spacer\"><\/div>\n\n\n\n<div class=\"wp-block-columns is-layout-flex wp-container-core-columns-is-layout-28f84493 wp-block-columns-is-layout-flex\">\n<div class=\"wp-block-column is-layout-flow wp-block-column-is-layout-flow\" style=\"padding-top:0;padding-right:0;padding-bottom:0;padding-left:0\">\n<div class=\"wp-block-cover has-custom-content-position is-position-bottom-left\" style=\"padding-top:var(--wp--preset--spacing--small);padding-right:var(--wp--preset--spacing--x-small);padding-bottom:var(--wp--preset--spacing--small);padding-left:var(--wp--preset--spacing--x-small)\"><span aria-hidden=\"true\" class=\"wp-block-cover__background has-primary-background-color has-background-dim-70 has-background-dim\"><\/span><img decoding=\"async\" class=\"wp-block-cover__image-background wp-image-7392\" alt=\"\" src=\"http:\/\/demo.wpzoom.com\/inspiro-lite-blocks-xml\/wp-content\/themes\/inspiro-lite\/assets\/images\/StockSnap_356BERTH29.jpg\" data-object-fit=\"cover\"\/><div class=\"wp-block-cover__inner-container is-layout-flow wp-block-cover-is-layout-flow\">\n<h3 class=\"wp-block-heading has-white-color has-text-color has-medium-font-size\" style=\"margin-top:0;margin-right:0;margin-bottom:0;margin-left:0\">Video<br>Production<\/h3>\n\n\n\n<p class=\"has-secondary-color has-text-color has-link-color wp-elements-9691f0a90a38e8845f8d3e9ccf3c770b\" style=\"margin-top:0;margin-right:0;margin-bottom:0;margin-left:0\"><a href=\"#\">Explore more \u2192<\/a><\/p>\n<\/div><\/div>\n<\/div>\n\n\n\n<div class=\"wp-block-column is-layout-flow wp-block-column-is-layout-flow\" style=\"padding-top:0;padding-right:0;padding-bottom:0;padding-left:0\">\n<div class=\"wp-block-cover has-custom-content-position is-position-bottom-left\" style=\"padding-top:var(--wp--preset--spacing--small);padding-right:var(--wp--preset--spacing--x-small);padding-bottom:var(--wp--preset--spacing--small);padding-left:var(--wp--preset--spacing--x-small)\"><span aria-hidden=\"true\" class=\"wp-block-cover__background has-primary-background-color has-background-dim-70 has-background-dim\"><\/span><img decoding=\"async\" class=\"wp-block-cover__image-background wp-image-7394\" alt=\"\" src=\"http:\/\/demo.wpzoom.com\/inspiro-lite-blocks-xml\/wp-content\/themes\/inspiro-lite\/assets\/images\/StockSnap_KV0WLH355C.jpg\" data-object-fit=\"cover\"\/><div class=\"wp-block-cover__inner-container is-layout-flow wp-block-cover-is-layout-flow\">\n<h3 class=\"wp-block-heading has-white-color has-text-color has-medium-font-size\" style=\"margin-top:0;margin-right:0;margin-bottom:0;margin-left:0\">Professional<br>Editing<\/h3>\n\n\n\n<p class=\"has-secondary-color has-text-color has-link-color wp-elements-9691f0a90a38e8845f8d3e9ccf3c770b\" style=\"margin-top:0;margin-right:0;margin-bottom:0;margin-left:0\"><a href=\"#\">Explore more \u2192<\/a><\/p>\n<\/div><\/div>\n<\/div>\n\n\n\n<div class=\"wp-block-column is-layout-flow wp-block-column-is-layout-flow\" style=\"padding-top:0;padding-right:0;padding-bottom:0;padding-left:0\">\n<div class=\"wp-block-cover has-custom-content-position is-position-bottom-left\" style=\"padding-top:var(--wp--preset--spacing--small);padding-right:var(--wp--preset--spacing--x-small);padding-bottom:var(--wp--preset--spacing--small);padding-left:var(--wp--preset--spacing--x-small)\"><span aria-hidden=\"true\" class=\"wp-block-cover__background has-primary-background-color has-background-dim-70 has-background-dim\"><\/span><img decoding=\"async\" class=\"wp-block-cover__image-background wp-image-7497\" alt=\"\" src=\"http:\/\/demo.wpzoom.com\/inspiro-lite-blocks-xml\/wp-content\/themes\/inspiro-lite\/assets\/images\/StockSnap_P9QYJ8AAL8.jpg\" data-object-fit=\"cover\"\/><div class=\"wp-block-cover__inner-container is-layout-flow wp-block-cover-is-layout-flow\">\n<h3 class=\"wp-block-heading has-white-color has-text-color has-medium-font-size\" style=\"margin-top:0;margin-right:0;margin-bottom:0;margin-left:0\">Aerial<br>Video<\/h3>\n\n\n\n<p class=\"has-secondary-color has-text-color has-link-color wp-elements-9691f0a90a38e8845f8d3e9ccf3c770b\" style=\"margin-top:0;margin-right:0;margin-bottom:0;margin-left:0\"><a href=\"#\">Explore more \u2192<\/a><\/p>\n<\/div><\/div>\n<\/div>\n<\/div>\n\n\n\n<div style=\"height:103px\" aria-hidden=\"true\" class=\"wp-block-spacer\"><\/div>\n<\/div>\n\n\n\n<div class=\"wp-block-group alignfull has-global-padding is-layout-constrained wp-container-core-group-is-layout-93707e3a wp-block-group-is-layout-constrained\" id=\"cover\" style=\"margin-top:0px;margin-bottom:0px\">\n<div class=\"wp-block-cover alignfull\" style=\"min-height:549px;aspect-ratio:unset;\"><span aria-hidden=\"true\" class=\"wp-block-cover__background has-black-background-color has-background-dim-60 has-background-dim\"><\/span><img loading=\"lazy\" decoding=\"async\" width=\"1605\" height=\"903\" class=\"wp-block-cover__image-background wp-image-7153\" alt=\"\" src=\"https:\/\/cochetcandles.com\/wp-content\/uploads\/2025\/02\/20190325_110712.jpg\" data-object-fit=\"cover\" srcset=\"https:\/\/cochetcandles.com\/wp-content\/uploads\/2025\/02\/20190325_110712.jpg 1605w, https:\/\/cochetcandles.com\/wp-content\/uploads\/2025\/02\/20190325_110712-300x169.jpg 300w, https:\/\/cochetcandles.com\/wp-content\/uploads\/2025\/02\/20190325_110712-1024x576.jpg 1024w, https:\/\/cochetcandles.com\/wp-content\/uploads\/2025\/02\/20190325_110712-18x10.jpg 18w\" sizes=\"auto, (max-width: 1605px) 100vw, 1605px\" \/><div class=\"wp-block-cover__inner-container is-layout-flow wp-block-cover-is-layout-flow\">\n<div class=\"wp-block-group has-global-padding is-layout-constrained wp-container-core-group-is-layout-4383d167 wp-block-group-is-layout-constrained\">\n<div style=\"height:88px\" aria-hidden=\"true\" class=\"wp-block-spacer\"><\/div>\n\n\n\n<h2 class=\"wp-block-heading has-white-color has-text-color has-max-48-font-size\">Why us?<\/h2>\n\n\n\n<p>This is some dummy copy. You\u2019re not really <br>supposed to read this dummy copy.<\/p>\n\n\n\n<div class=\"wp-block-buttons is-layout-flex wp-block-buttons-is-layout-flex\">\n<div class=\"wp-block-button is-style-outline is-style-outline--1\" style=\"text-transform:uppercase\"><a class=\"wp-block-button__link wp-element-button\" href=\"https:\/\/cochetcandles.com\/servicii 2\/\" style=\"border-radius:0px\">Learn More<\/a><\/div>\n<\/div>\n\n\n\n<div style=\"height:63px\" aria-hidden=\"true\" class=\"wp-block-spacer\"><\/div>\n<\/div>\n<\/div><\/div>\n<\/div>\n\n\n\n<div class=\"wp-block-group has-global-padding is-layout-constrained wp-container-core-group-is-layout-3a820303 wp-block-group-is-layout-constrained\" style=\"padding-right:var(--wp--preset--spacing--small);padding-left:var(--wp--preset--spacing--small)\">\n<div class=\"wp-block-group is-layout-flow wp-block-group-is-layout-flow\">\n<div style=\"height:85px\" aria-hidden=\"true\" class=\"wp-block-spacer\"><\/div>\n\n\n\n<p class=\"has-secondary-color has-text-color\">HOW WE WORK<\/p>\n\n\n\n<h2 class=\"wp-block-heading has-max-48-font-size\">Let&#8217;s work together!<\/h2>\n\n\n\n<div style=\"height:63px\" aria-hidden=\"true\" class=\"wp-block-spacer\"><\/div>\n\n\n\n<div class=\"wp-block-columns is-layout-flex wp-container-core-columns-is-layout-28f84493 wp-block-columns-is-layout-flex\">\n<div class=\"wp-block-column is-style-default is-layout-flow wp-block-column-is-layout-flow\" style=\"border-top-style:none;border-top-width:0px;border-right-style:none;border-right-width:0px;border-bottom-style:none;border-bottom-width:0px;border-left-color:var(--wp--preset--color--lightgrey);border-left-width:1px;padding-top:35px;padding-right:2%;padding-bottom:35px;padding-left:5%\">\n<h2 class=\"wp-block-heading has-primary-color has-text-color\"><strong>1.<\/strong><\/h2>\n\n\n\n<div style=\"height:41px\" aria-hidden=\"true\" class=\"wp-block-spacer\"><\/div>\n\n\n\n<div class=\"wp-block-cover is-style-round-corners\" style=\"min-height:277px;aspect-ratio:unset;\"><span aria-hidden=\"true\" class=\"wp-block-cover__background has-primary-background-color has-background-dim\"><\/span><img decoding=\"async\" class=\"wp-block-cover__image-background wp-image-7494\" alt=\"\" src=\"http:\/\/demo.wpzoom.com\/inspiro-lite-blocks-xml\/wp-content\/themes\/inspiro-lite\/assets\/images\/Rectangle-46.png\" data-object-fit=\"cover\"\/><div class=\"wp-block-cover__inner-container is-layout-flow wp-block-cover-is-layout-flow\">\n<a class=\"wp-block-wpzoom-video-popup-block-block wpzoom-video-popup-block has-secondary-color has-text-color\" href=\"https:\/\/vimeo.com\/325637659\"><span class=\"wpzoom-video-popup-block_icon\"><svg xmlns=\"http:\/\/www.w3.org\/2000\/svg\" viewbox=\"0 0 32 32\" aria-hidden=\"true\"><path d=\"m14.25 10.367c-1-0.57778-2.2504 0.14388-2.2504 1.2988v8.6674c0 1.155 1.2504 1.8766 2.2504 1.2988l8.2498-4.7666c0.3094-0.1786 0.4998-0.5088 0.4998-0.86588 0-0.35714-0.1904-0.68718-0.4998-0.86586zm-14.25 5.6326c0-8.8366 7.1634-16 16-16 8.8366 0 16 7.1634 16 16 0 8.8366-7.1634 16-16 16-8.8366 0-16-7.1634-16-16zm16-14c-7.732 0-14 6.268-14 14 0 7.732 6.268 14 14 14 7.732 0 14-6.268 14-14 0-7.732-6.268-14-14-14z\" fill=\"currentColor\"><\/path><\/svg><\/span><\/a>\n<\/div><\/div>\n\n\n\n<h2 class=\"wp-block-heading\">Planning<\/h2>\n\n\n\n<p>Etiam porta sem malesuada magna mollis euismod. Donec id elit non mi porta gravida at eget metus. Cras justo odio, dapibus ac facilisis in, egestas eget quam.<\/p>\n\n\n\n<p><a href=\"#\">Learn more \u2192<\/a><\/p>\n<\/div>\n\n\n\n<div class=\"wp-block-column is-style-default is-layout-flow wp-block-column-is-layout-flow\" style=\"border-top-style:none;border-top-width:0px;border-right-style:none;border-right-width:0px;border-bottom-style:none;border-bottom-width:0px;border-left-color:var(--wp--preset--color--lightgrey);border-left-width:1px;padding-top:35px;padding-right:2%;padding-bottom:35px;padding-left:5%\">\n<h2 class=\"wp-block-heading has-primary-color has-text-color\"><strong>2.<\/strong><\/h2>\n\n\n\n<div style=\"height:41px\" aria-hidden=\"true\" class=\"wp-block-spacer\"><\/div>\n\n\n\n<div class=\"wp-block-cover is-style-round-corners\" style=\"min-height:277px;aspect-ratio:unset;\"><span aria-hidden=\"true\" class=\"wp-block-cover__background has-primary-background-color has-background-dim\"><\/span><img decoding=\"async\" class=\"wp-block-cover__image-background wp-image-7397\" alt=\"\" src=\"http:\/\/demo.wpzoom.com\/inspiro-lite-blocks-xml\/wp-content\/themes\/inspiro-lite\/assets\/images\/StockSnap_RW5R1EB5RC.jpg\" data-object-fit=\"cover\"\/><div class=\"wp-block-cover__inner-container is-layout-flow wp-block-cover-is-layout-flow\">\n<a class=\"wp-block-wpzoom-video-popup-block-block wpzoom-video-popup-block has-secondary-color has-text-color\" href=\"https:\/\/vimeo.com\/325637659\"><span class=\"wpzoom-video-popup-block_icon\"><svg xmlns=\"http:\/\/www.w3.org\/2000\/svg\" viewbox=\"0 0 32 32\" aria-hidden=\"true\"><path d=\"m14.25 10.367c-1-0.57778-2.2504 0.14388-2.2504 1.2988v8.6674c0 1.155 1.2504 1.8766 2.2504 1.2988l8.2498-4.7666c0.3094-0.1786 0.4998-0.5088 0.4998-0.86588 0-0.35714-0.1904-0.68718-0.4998-0.86586zm-14.25 5.6326c0-8.8366 7.1634-16 16-16 8.8366 0 16 7.1634 16 16 0 8.8366-7.1634 16-16 16-8.8366 0-16-7.1634-16-16zm16-14c-7.732 0-14 6.268-14 14 0 7.732 6.268 14 14 14 7.732 0 14-6.268 14-14 0-7.732-6.268-14-14-14z\" fill=\"currentColor\"><\/path><\/svg><\/span><\/a>\n<\/div><\/div>\n\n\n\n<h2 class=\"wp-block-heading\">Shooting<\/h2>\n\n\n\n<p>Etiam porta sem malesuada magna mollis euismod. Donec id elit non mi porta gravida at eget metus. Cras justo odio, dapibus ac facilisis in, egestas eget quam.<\/p>\n\n\n\n<p><a href=\"#\">Learn more \u2192<\/a><\/p>\n<\/div>\n\n\n\n<div class=\"wp-block-column is-style-default is-layout-flow wp-block-column-is-layout-flow\" style=\"border-top-style:none;border-top-width:0px;border-right-style:none;border-right-width:0px;border-bottom-style:none;border-bottom-width:0px;border-left-color:var(--wp--preset--color--lightgrey);border-left-width:1px;padding-top:35px;padding-right:2%;padding-bottom:35px;padding-left:5%\">\n<h2 class=\"wp-block-heading has-primary-color has-text-color\"><strong>3.<\/strong><\/h2>\n\n\n\n<div style=\"height:41px\" aria-hidden=\"true\" class=\"wp-block-spacer\"><\/div>\n\n\n\n<div class=\"wp-block-cover is-style-round-corners\" style=\"min-height:277px;aspect-ratio:unset;\"><span aria-hidden=\"true\" class=\"wp-block-cover__background has-primary-background-color has-background-dim\"><\/span><img decoding=\"async\" class=\"wp-block-cover__image-background wp-image-7495\" alt=\"\" src=\"http:\/\/demo.wpzoom.com\/inspiro-lite-blocks-xml\/wp-content\/themes\/inspiro-lite\/assets\/images\/Rectangle-52.png\" data-object-fit=\"cover\"\/><div class=\"wp-block-cover__inner-container is-layout-flow wp-block-cover-is-layout-flow\">\n<a class=\"wp-block-wpzoom-video-popup-block-block wpzoom-video-popup-block has-secondary-color has-text-color\" href=\"https:\/\/vimeo.com\/325637659\"><span class=\"wpzoom-video-popup-block_icon\"><svg xmlns=\"http:\/\/www.w3.org\/2000\/svg\" viewbox=\"0 0 32 32\" aria-hidden=\"true\"><path d=\"m14.25 10.367c-1-0.57778-2.2504 0.14388-2.2504 1.2988v8.6674c0 1.155 1.2504 1.8766 2.2504 1.2988l8.2498-4.7666c0.3094-0.1786 0.4998-0.5088 0.4998-0.86588 0-0.35714-0.1904-0.68718-0.4998-0.86586zm-14.25 5.6326c0-8.8366 7.1634-16 16-16 8.8366 0 16 7.1634 16 16 0 8.8366-7.1634 16-16 16-8.8366 0-16-7.1634-16-16zm16-14c-7.732 0-14 6.268-14 14 0 7.732 6.268 14 14 14 7.732 0 14-6.268 14-14 0-7.732-6.268-14-14-14z\" fill=\"currentColor\"><\/path><\/svg><\/span><\/a>\n<\/div><\/div>\n\n\n\n<h2 class=\"wp-block-heading\">Editing<\/h2>\n\n\n\n<p>Etiam porta sem malesuada magna mollis euismod. Donec id elit non mi porta gravida at eget metus. Cras justo odio, dapibus ac facilisis in, egestas eget quam.<\/p>\n\n\n\n<p><a href=\"#\">Learn more \u2192<\/a><\/p>\n<\/div>\n<\/div>\n<\/div>\n<\/div>\n\n\n\n<div class=\"wp-block-group has-global-padding is-layout-constrained wp-container-core-group-is-layout-3a820303 wp-block-group-is-layout-constrained\" style=\"padding-right:var(--wp--preset--spacing--small);padding-left:var(--wp--preset--spacing--small)\">\n<div class=\"wp-block-group is-layout-flow wp-block-group-is-layout-flow\">\n<div style=\"height:100px\" aria-hidden=\"true\" class=\"wp-block-spacer\"><\/div>\n\n\n\n<p class=\"has-text-color\" style=\"color:#0bb4aa\">TESTIMONIALS<\/p>\n\n\n\n<h2 class=\"wp-block-heading has-large-font-size\">What people say<br>about us<\/h2>\n\n\n\n<div style=\"height:42px\" aria-hidden=\"true\" class=\"wp-block-spacer\"><\/div>\n\n\n\n<div class=\"wp-block-columns is-layout-flex wp-container-core-columns-is-layout-28f84493 wp-block-columns-is-layout-flex\">\n<div class=\"wp-block-column is-style-shadow has-background is-layout-flow wp-block-column-is-layout-flow\" style=\"border-style:none;border-width:0px;background-color:#f4f5f8;padding-top:30px;padding-right:30px;padding-bottom:30px;padding-left:30px\">\n<p>&#8222;Etiam porta sem malesuada magna mollis euismod. Donec id elit non mi porta gravida at eget metus. Cras justo odio, dapibus ac facilisis in, egestas eget quam.&#8221;<\/p>\n\n\n\n<div class=\"wp-block-group has-global-padding is-layout-constrained wp-block-group-is-layout-constrained\">\n<div class=\"wp-block-columns are-vertically-aligned-center is-layout-flex wp-container-core-columns-is-layout-28f84493 wp-block-columns-is-layout-flex\">\n<div class=\"wp-block-column is-vertically-aligned-center is-layout-flow wp-block-column-is-layout-flow\" style=\"flex-basis:100px\">\n<figure class=\"wp-block-image size-full is-resized\"><img decoding=\"async\" src=\"http:\/\/demo.wpzoom.com\/inspiro-lite-blocks-xml\/wp-content\/themes\/inspiro-lite\/assets\/images\/Ellipse-2.png\" alt=\"\" class=\"wp-image-96\"\/><\/figure>\n<\/div>\n\n\n\n<div class=\"wp-block-column is-vertically-aligned-center is-layout-flow wp-block-column-is-layout-flow\">\n<p class=\"has-foreground-color has-text-color\"><strong>Eva Lester<\/strong><br>Senior Supervisors \u30fb Fables<\/p>\n<\/div>\n<\/div>\n<\/div>\n<\/div>\n\n\n\n<div class=\"wp-block-column is-style-shadow has-background is-layout-flow wp-block-column-is-layout-flow\" style=\"border-style:none;border-width:0px;background-color:#f4f5f8;padding-top:30px;padding-right:30px;padding-bottom:30px;padding-left:30px\">\n<p>&#8222;Etiam porta sem malesuada magna mollis euismod. Donec id elit non mi porta gravida at eget metus. Cras justo odio, dapibus ac facilisis in, egestas eget quam.&#8221;<\/p>\n\n\n\n<div class=\"wp-block-columns are-vertically-aligned-center is-layout-flex wp-container-core-columns-is-layout-28f84493 wp-block-columns-is-layout-flex\">\n<div class=\"wp-block-column is-vertically-aligned-center is-layout-flow wp-block-column-is-layout-flow\" style=\"flex-basis:100px\">\n<figure class=\"wp-block-image size-full is-resized\"><img decoding=\"async\" src=\"http:\/\/demo.wpzoom.com\/inspiro-lite-blocks-xml\/wp-content\/themes\/inspiro-lite\/assets\/images\/Ellipse-3.png\" alt=\"\" class=\"wp-image-105\"\/><\/figure>\n<\/div>\n\n\n\n<div class=\"wp-block-column is-vertically-aligned-center is-layout-flow wp-block-column-is-layout-flow\">\n<p class=\"has-foreground-color has-text-color\"><strong><strong>James Richardson<\/strong><\/strong><br>Environmental Economist<\/p>\n<\/div>\n<\/div>\n<\/div>\n<\/div>\n\n\n\n<div style=\"height:156px\" aria-hidden=\"true\" class=\"wp-block-spacer\"><\/div>\n<\/div>\n<\/div>\n\n\n\n<div style=\"height:0px\" aria-hidden=\"true\" class=\"wp-block-spacer\"><\/div>","protected":false},"excerpt":{"rendered":"<p>SA LUCRAM IMPREUNA! Colaborarea cu fabrica de lum\u00e2n\u0103ri Cochet Candles pentru proiectele tale de publicitate poate aduce o serie de beneficii unice \u0219i oportunit\u0103\u021bi creative. Iat\u0103 de ce ar fi o alegere inspirat\u0103: 1. Produs Versatil \u0219i Atractiv Lum\u00e2n\u0103rile sunt obiecte universale, care pot fi personalizate \u00een numeroase forme, culori, dimensiuni \u0219i arome. Acest lucru &hellip; <\/p>\n<p class=\"link-more\"><a href=\"https:\/\/cochetcandles.com\/en\/servicii\/\" class=\"more-link\">Read more<span class=\"screen-reader-text\"> &#8222;Servicii&#8221;<\/span><\/a><\/p>","protected":false},"author":1,"featured_media":0,"parent":0,"menu_order":2,"comment_status":"closed","ping_status":"closed","template":"page-templates\/full-width-transparent.php","meta":{"_uf_show_specific_survey":0,"_uf_disable_surveys":false,"footnotes":""},"class_list":["post-5574","page","type-page","status-publish","hentry"],"aioseo_notices":[],"jetpack_sharing_enabled":true,"featured_media_urls":[],"_links":{"self":[{"href":"https:\/\/cochetcandles.com\/en\/wp-json\/wp\/v2\/pages\/5574","targetHints":{"allow":["GET"]}}],"collection":[{"href":"https:\/\/cochetcandles.com\/en\/wp-json\/wp\/v2\/pages"}],"about":[{"href":"https:\/\/cochetcandles.com\/en\/wp-json\/wp\/v2\/types\/page"}],"author":[{"embeddable":true,"href":"https:\/\/cochetcandles.com\/en\/wp-json\/wp\/v2\/users\/1"}],"replies":[{"embeddable":true,"href":"https:\/\/cochetcandles.com\/en\/wp-json\/wp\/v2\/comments?post=5574"}],"version-history":[{"count":12,"href":"https:\/\/cochetcandles.com\/en\/wp-json\/wp\/v2\/pages\/5574\/revisions"}],"predecessor-version":[{"id":7171,"href":"https:\/\/cochetcandles.com\/en\/wp-json\/wp\/v2\/pages\/5574\/revisions\/7171"}],"wp:attachment":[{"href":"https:\/\/cochetcandles.com\/en\/wp-json\/wp\/v2\/media?parent=5574"}],"curies":[{"name":"wp","href":"https:\/\/api.w.org\/{rel}","templated":true}]}}